{"id":2339,"date":"2018-06-27T06:44:16","date_gmt":"2018-06-27T04:44:16","guid":{"rendered":"http:\/\/arbe-dev.comeon.nc\/batiment-realisations\/"},"modified":"2024-04-26T15:57:52","modified_gmt":"2024-04-26T04:57:52","slug":"building-projects","status":"publish","type":"page","link":"https:\/\/www.arbe.nc\/en\/home\/our-projects\/building-projects\/","title":{"rendered":"Building projects"},"content":{"rendered":"<div class=\"wpb-content-wrapper\"><p>[vc_row full_width=&#8221;stretch_row_content_no_spaces&#8221; css=&#8221;.vc_custom_1530075533592{padding-top: 120px !important;padding-bottom: 250px !important;background-image: url(http:\/\/www.arbe.nc\/wp-content\/uploads\/2018\/06\/bigbg_nosmetiers_bt.jpg?id=297) !important;}&#8221; el_class=&#8221;bg-cover&#8221;][vc_column][\/vc_column][\/vc_row][vc_row css=&#8221;.vc_custom_1530057581293{margin-top: -200px !important;margin-bottom: 60px !important;}&#8221;][vc_column][vc_row_inner css=&#8221;.vc_custom_1530057020923{margin-bottom: 0px !important;}&#8221;][vc_column_inner width=&#8221;1\/2&#8243;][vc_column_text el_class=&#8221;title__special title__special&#8211;beta&#8221; css=&#8221;.vc_custom_1714024693179{margin-bottom: 10px !important;margin-left: -15px !important;}&#8221;]<\/p>\n<h1 style=\"text-align: left;\"><span style=\"color: #fefefe;\">Our projects<\/span><\/h1>\n<p>[\/vc_column_text][\/vc_column_inner][vc_column_inner width=&#8221;1\/2&#8243;][vc_column_text el_class=&#8221;title__special title__special&#8211;white&#8221; css=&#8221;.vc_custom_1714024745336{margin-left: 0px !important;}&#8221;]<\/p>\n<h1 style=\"text-align: right;\"><span style=\"color: #dc5136;\">BUILDING<\/span><\/h1>\n<p>[\/vc_column_text][\/vc_column_inner][\/vc_row_inner][vc_row_inner css=&#8221;.vc_custom_1530057030738{margin-bottom: 0px !important;background-color: #f2f2f2 !important;}&#8221;][vc_column_inner][vc_column_text]<a href=\"\/en\">Home<\/a> &gt; <a href=\"\/en\/our-projects\">Our projects<\/a> &gt; Building[\/vc_column_text][vc_separator css=&#8221;.vc_custom_1530057142386{margin-bottom: 0px !important;}&#8221;][\/vc_column_inner][\/vc_row_inner][vc_row_inner css=&#8221;.vc_custom_1530057080809{margin-bottom: 0px !important;background-color: #f2f2f2 !important;}&#8221;][vc_column_inner el_class=&#8221;btns__blk&#8221;][vc_btn title=&#8221;building&#8221; style=&#8221;flat&#8221; shape=&#8221;square&#8221; align=&#8221;center&#8221; link=&#8221;url:%2Fen%2Fbuilding-projects%2F|||&#8221; el_class=&#8221;btn&#8211;beta is-active&#8221;][vc_btn title=&#8221;civil engineering&#8221; style=&#8221;flat&#8221; shape=&#8221;square&#8221; align=&#8221;center&#8221; link=&#8221;url:%2Fen%2Fcivil-engineering-projects%2F|||&#8221; el_class=&#8221;btn&#8211;beta&#8221;][vc_btn title=&#8221;MARINE ENGINEERING&#8221; style=&#8221;flat&#8221; shape=&#8221;square&#8221; align=&#8221;center&#8221; link=&#8221;url:https%3A%2F%2Fwww.arbe.nc%2Fen%2Fhome%2Four-projects%2Fmarine-engineering-projects%2F&#8221; el_class=&#8221;btn&#8211;beta&#8221;][vc_btn title=&#8221;special foundations&#8221; style=&#8221;flat&#8221; shape=&#8221;square&#8221; align=&#8221;center&#8221; link=&#8221;url:https%3A%2F%2Fwww.arbe.nc%2Fen%2Fhome%2Four-projects%2Fspecial-foundations-projects%2F|title:Special%20foundations%20projects&#8221; el_class=&#8221;btn&#8211;beta&#8221;][\/vc_column_inner][\/vc_row_inner][vc_row_inner css=&#8221;.vc_custom_1530832689465{margin-bottom: 0px !important;background-color: #f2f2f2 !important;}&#8221;][vc_column_inner width=&#8221;1\/3&#8243;]<div class=\"trailer_box \"><a href=\"\/plateforme-goodman-fielder\"  title=\"\"><img loading=\"lazy\" decoding=\"async\" class=\"scale-with-grid\" src=\"https:\/\/www.arbe.nc\/wp-content\/uploads\/2019\/07\/dock-industriel.jpg\" alt=\"Arb\u00e9 Goodman Fielder Dock industriel\" width=\"846\" height=\"483\"\/><div class=\"desc\"><h2 class=\"title \">Dock Goodman Fielder<\/h2><div class=\"line\"><\/div><\/div><\/a><\/div>\n[\/vc_column_inner][vc_column_inner width=&#8221;1\/3&#8243;]<div class=\"trailer_box \"><a href=\"\/dumbea-mall\"  title=\"\"><img loading=\"lazy\" decoding=\"async\" class=\"scale-with-grid\" src=\"https:\/\/www.arbe.nc\/wp-content\/uploads\/2018\/11\/G\u00e9ant-DSM.jpg\" alt=\"G\u00e9ant DSM\" width=\"2048\" height=\"1536\"\/><div class=\"desc\"><h2 class=\"title \">Dumb\u00e9a Mall<\/h2><div class=\"line\"><\/div><\/div><\/a><\/div>\n[\/vc_column_inner][vc_column_inner width=&#8221;1\/3&#8243;]<div class=\"trailer_box \"><a href=\"\/lycee-mont-dore\"  title=\"\"><img loading=\"lazy\" decoding=\"async\" class=\"scale-with-grid\" src=\"https:\/\/www.arbe.nc\/wp-content\/uploads\/2018\/11\/lyc\u00e9e-mont-dore3.jpg\" alt=\"lyc\u00e9e mont dore3\" width=\"2048\" height=\"1613\"\/><div class=\"desc\"><h2 class=\"title \">Lyc\u00e9e du Mont-Dore<\/h2><div class=\"line\"><\/div><\/div><\/a><\/div>\n[\/vc_column_inner][\/vc_row_inner][vc_row_inner css=&#8221;.vc_custom_1530832689465{margin-bottom: 0px !important;background-color: #f2f2f2 !important;}&#8221;][vc_column_inner width=&#8221;1\/3&#8243;]<div class=\"trailer_box \"><a href=\"\/medipole-de-koutio-dumbea\"  title=\"\"><img loading=\"lazy\" decoding=\"async\" class=\"scale-with-grid\" src=\"https:\/\/www.arbe.nc\/wp-content\/uploads\/2018\/07\/medipole3zoom_1.jpg\" alt=\"medipole3zoom_1\" width=\"420\" height=\"282\"\/><div class=\"desc\"><h2 class=\"title \">M\u00e9dip\u00f4le de Koutio (Dumb\u00e9a)<\/h2><div class=\"line\"><\/div><\/div><\/a><\/div>\n[\/vc_column_inner][vc_column_inner width=&#8221;1\/3&#8243;]<div class=\"trailer_box \"><a href=\"\/dock-caltrac\"  title=\"\"><img loading=\"lazy\" decoding=\"async\" class=\"scale-with-grid\" src=\"https:\/\/www.arbe.nc\/wp-content\/uploads\/2018\/11\/Caltrac2.jpg\" alt=\"Caltrac2\" width=\"2048\" height=\"1536\"\/><div class=\"desc\"><h2 class=\"title \">Dock CALTRAC<\/h2><div class=\"line\"><\/div><\/div><\/a><\/div>\n[\/vc_column_inner][vc_column_inner width=&#8221;1\/3&#8243;]<div class=\"trailer_box \"><a href=\"\/hotel-sheraton-de-gouaro-deva-bourail\"  title=\"\"><img loading=\"lazy\" decoding=\"async\" class=\"scale-with-grid\" src=\"https:\/\/www.arbe.nc\/wp-content\/uploads\/2018\/07\/img_2814.jpg\" alt=\"img_2814\" width=\"420\" height=\"315\"\/><div class=\"desc\"><h2 class=\"title \">H\u00f4tel Sheraton de Gouaro D\u00e9va<\/h2><div class=\"line\"><\/div><\/div><\/a><\/div>\n[\/vc_column_inner][\/vc_row_inner][vc_row_inner css=&#8221;.vc_custom_1530832689465{margin-bottom: 0px !important;background-color: #f2f2f2 !important;}&#8221;][vc_column_inner width=&#8221;1\/3&#8243;]<div class=\"trailer_box \"><a href=\"\/en\/le-lys-rouge\"  title=\"\"><img loading=\"lazy\" decoding=\"async\" class=\"scale-with-grid\" src=\"https:\/\/www.arbe.nc\/wp-content\/uploads\/2018\/07\/lys_3.jpg\" alt=\"lys_3\" width=\"420\" height=\"315\"\/><div class=\"desc\"><h2 class=\"title \">Le lys rouge - Noumea<\/h2><div class=\"line\"><\/div><\/div><\/a><\/div>\n[\/vc_column_inner][vc_column_inner width=&#8221;1\/3&#8243;]<div class=\"trailer_box \"><a href=\"\/en\/le-plexus-center-commercial\"  title=\"\"><img loading=\"lazy\" decoding=\"async\" class=\"scale-with-grid\" src=\"https:\/\/www.arbe.nc\/wp-content\/uploads\/2018\/07\/plex.jpg\" alt=\"plex\" width=\"420\" height=\"267\"\/><div class=\"desc\"><h2 class=\"title \">Le Plexus commercial center - Ducos<\/h2><div class=\"line\"><\/div><\/div><\/a><\/div>\n[\/vc_column_inner][vc_column_inner width=&#8221;1\/3&#8243;]<div class=\"trailer_box \"><a href=\"\/en\/le-belza-residence\"  title=\"\"><img loading=\"lazy\" decoding=\"async\" class=\"scale-with-grid\" src=\"https:\/\/www.arbe.nc\/wp-content\/uploads\/2018\/07\/belza3_0.jpg\" alt=\"belza3_0\" width=\"420\" height=\"264\"\/><div class=\"desc\"><h2 class=\"title \">Le belza residence - Mont Venus<\/h2><div class=\"line\"><\/div><\/div><\/a><\/div>\n[\/vc_column_inner][\/vc_row_inner][vc_row_inner css=&#8221;.vc_custom_1530832689465{margin-bottom: 0px !important;background-color: #f2f2f2 !important;}&#8221;][vc_column_inner width=&#8221;1\/3&#8243;]<div class=\"trailer_box \"><a href=\"\/en\/pacifique-arcade\"  title=\"\"><img loading=\"lazy\" decoding=\"async\" class=\"scale-with-grid\" src=\"https:\/\/www.arbe.nc\/wp-content\/uploads\/2018\/07\/arcade3_0.jpg\" alt=\"arcade3_0\" width=\"420\" height=\"315\"\/><div class=\"desc\"><h2 class=\"title \">Pacifique arcade - Noumea<\/h2><div class=\"line\"><\/div><\/div><\/a><\/div>\n[\/vc_column_inner][vc_column_inner width=&#8221;1\/3&#8243;]<div class=\"trailer_box \"><a href=\"\/en\/bellevue-residence\"  title=\"\"><img loading=\"lazy\" decoding=\"async\" class=\"scale-with-grid\" src=\"https:\/\/www.arbe.nc\/wp-content\/uploads\/2018\/07\/bellevu1.jpg\" alt=\"bellevu1\" width=\"420\" height=\"260\"\/><div class=\"desc\"><h2 class=\"title \">Bellevue residence - Magenta<\/h2><div class=\"line\"><\/div><\/div><\/a><\/div>\n[\/vc_column_inner][vc_column_inner width=&#8221;1\/3&#8243;]<div class=\"trailer_box \"><a href=\"\/en\/inter-army-headquarters\"  title=\"\"><img loading=\"lazy\" decoding=\"async\" class=\"scale-with-grid\" src=\"https:\/\/www.arbe.nc\/wp-content\/uploads\/2018\/07\/emia3.jpg\" alt=\"emia3\" width=\"420\" height=\"315\"\/><div class=\"desc\"><h2 class=\"title \">Inter army headquarters<\/h2><div class=\"line\"><\/div><\/div><\/a><\/div>\n[\/vc_column_inner][\/vc_row_inner][vc_row_inner css=&#8221;.vc_custom_1530832689465{margin-bottom: 0px !important;background-color: #f2f2f2 !important;}&#8221;][vc_column_inner width=&#8221;1\/3&#8243;]<div class=\"trailer_box \"><a href=\"\/en\/ramada-plaza\"  title=\"\"><img loading=\"lazy\" decoding=\"async\" class=\"scale-with-grid\" src=\"https:\/\/www.arbe.nc\/wp-content\/uploads\/2018\/07\/ramada3.jpg\" alt=\"ramada3\" width=\"420\" height=\"315\"\/><div class=\"desc\"><h2 class=\"title \">Ramada plaza - Anse Vata<\/h2><div class=\"line\"><\/div><\/div><\/a><\/div>\n[\/vc_column_inner][vc_column_inner width=&#8221;1\/3&#8243;]<div class=\"trailer_box \"><a href=\"\/en\/atelemo-residence\"  title=\"\"><img loading=\"lazy\" decoding=\"async\" class=\"scale-with-grid\" src=\"https:\/\/www.arbe.nc\/wp-content\/uploads\/2018\/07\/alt1_0.jpg\" alt=\"alt1_0\" width=\"420\" height=\"315\"\/><div class=\"desc\"><h2 class=\"title \">Atelemo residence - vall\u00e9e des colons<\/h2><div class=\"line\"><\/div><\/div><\/a><\/div>\n[\/vc_column_inner][vc_column_inner width=&#8221;1\/3&#8243;]<div class=\"trailer_box \"><a href=\"\/en\/aquarium-of-the-lagoon\"  title=\"\"><img loading=\"lazy\" decoding=\"async\" class=\"scale-with-grid\" src=\"https:\/\/www.arbe.nc\/wp-content\/uploads\/2018\/07\/aquarium1.jpg\" alt=\"aquarium1\" width=\"420\" height=\"236\"\/><div class=\"desc\"><h2 class=\"title \">Aquarium of the lagoon - Anse Vata<\/h2><div class=\"line\"><\/div><\/div><\/a><\/div>\n[\/vc_column_inner][\/vc_row_inner][vc_row_inner css=&#8221;.vc_custom_1530832689465{margin-bottom: 0px !important;background-color: #f2f2f2 !important;}&#8221;][vc_column_inner width=&#8221;1\/3&#8243;]<div class=\"trailer_box \"><a href=\"\/en\/various-worksites\"  title=\"\"><img loading=\"lazy\" decoding=\"async\" class=\"scale-with-grid\" src=\"https:\/\/www.arbe.nc\/wp-content\/uploads\/2018\/07\/grand_casino.jpg\" alt=\"grand_casino\" width=\"420\" height=\"263\"\/><div class=\"desc\"><h2 class=\"title \">Various worksites<\/h2><div class=\"line\"><\/div><\/div><\/a><\/div>\n[\/vc_column_inner][vc_column_inner width=&#8221;1\/3&#8243;][\/vc_column_inner][vc_column_inner width=&#8221;1\/3&#8243;][\/vc_column_inner][\/vc_row_inner][vc_row_inner css=&#8221;.vc_custom_1530057020923{margin-bottom: 0px !important;}&#8221;][vc_column_inner width=&#8221;1\/2&#8243;][vc_column_text el_class=&#8221;title__special title__special&#8211;beta&#8221; css=&#8221;.vc_custom_1712210067786{margin-bottom: 10px !important;margin-left: -15px !important;}&#8221;]<\/p>\n<h1 style=\"text-align: left;\"><span style=\"color: #fefefe;\">nos r\u00e9alisations<\/span><\/h1>\n<p>[\/vc_column_text][\/vc_column_inner][vc_column_inner width=&#8221;1\/2&#8243;][vc_column_text el_class=&#8221;title__special title__special&#8211;white&#8221; css=&#8221;.vc_custom_1712210077854{margin-left: 0px !important;}&#8221;]<\/p>\n<h1 style=\"text-align: right;\"><span style=\"color: #dc5136;\">B\u00e2timent<\/span><\/h1>\n<p>[\/vc_column_text][\/vc_column_inner][\/vc_row_inner][\/vc_column][\/vc_row]<\/p>\n<\/div>","protected":false},"excerpt":{"rendered":"<p>[vc_row full_width=&#8221;stretch_row_content_no_spaces&#8221; css=&#8221;.vc_custom_1530075533592{padding-top: 120px !important;padding-bottom: 250px !important;background-image: url(http:\/\/www.arbe.nc\/wp-content\/uploads\/2018\/06\/bigbg_nosmetiers_bt.jpg?id=297) !important;}&#8221; el_class=&#8221;bg-cover&#8221;][vc_column][\/vc_column][\/vc_row][vc_row css=&#8221;.vc_custom_1530057581293{margin-top: -200px !important;margin-bottom: 60px !important;}&#8221;][vc_column][vc_row_inner css=&#8221;.vc_custom_1530057020923{margin-bottom: 0px !important;}&#8221;][vc_column_inner width=&#8221;1\/2&#8243;][vc_column_text el_class=&#8221;title__special title__special&#8211;beta&#8221; css=&#8221;.vc_custom_1714024693179{margin-bottom: 10px !important;margin-left: -15px !important;}&#8221;]<span class=\"excerpt-hellip\"> [\u2026]<\/span><\/p>\n","protected":false},"author":3,"featured_media":0,"parent":1803,"menu_order":0,"comment_status":"closed","ping_status":"closed","template":"","meta":{"sfsi_plus_gutenberg_text_before_share":"","sfsi_plus_gutenberg_show_text_before_share":"","sfsi_plus_gutenberg_icon_type":"","sfsi_plus_gutenberg_icon_alignemt":"","sfsi_plus_gutenburg_max_per_row":"","footnotes":""},"class_list":["post-2339","page","type-page","status-publish","hentry"],"yoast_head":"<!-- This site is optimized with the Yoast SEO plugin v25.2 - https:\/\/yoast.com\/wordpress\/plugins\/seo\/ -->\n<title>Building projects - Arbe<\/title>\n<meta name=\"robots\" content=\"index, follow, max-snippet:-1, max-image-preview:large, max-video-preview:-1\" \/>\n<link rel=\"canonical\" href=\"https:\/\/www.arbe.nc\/accueil\/nos-realisations\/batiment-realisations\/\" \/>\n<meta property=\"og:locale\" content=\"en_US\" \/>\n<meta property=\"og:type\" content=\"article\" \/>\n<meta property=\"og:title\" content=\"Building projects - Arbe\" \/>\n<meta property=\"og:description\" content=\"[vc_row full_width=&#8221;stretch_row_content_no_spaces&#8221; css=&#8221;.vc_custom_1530075533592{padding-top: 120px !important;padding-bottom: 250px !important;background-image: url(http:\/\/www.arbe.nc\/wp-content\/uploads\/2018\/06\/bigbg_nosmetiers_bt.jpg?id=297) !important;}&#8221; el_class=&#8221;bg-cover&#8221;][vc_column][\/vc_column][\/vc_row][vc_row css=&#8221;.vc_custom_1530057581293{margin-top: -200px !important;margin-bottom: 60px !important;}&#8221;][vc_column][vc_row_inner css=&#8221;.vc_custom_1530057020923{margin-bottom: 0px !important;}&#8221;][vc_column_inner width=&#8221;1\/2&#8243;][vc_column_text el_class=&#8221;title__special title__special&#8211;beta&#8221; css=&#8221;.vc_custom_1714024693179{margin-bottom: 10px !important;margin-left: -15px !important;}&#8221;] [\u2026]\" \/>\n<meta property=\"og:url\" content=\"https:\/\/www.arbe.nc\/accueil\/nos-realisations\/batiment-realisations\/\" \/>\n<meta property=\"og:site_name\" content=\"Arbe\" \/>\n<meta property=\"article:publisher\" content=\"https:\/\/www.facebook.com\/arbenouvellecaledonie\" \/>\n<meta property=\"article:modified_time\" content=\"2024-04-26T04:57:52+00:00\" \/>\n<meta name=\"twitter:card\" content=\"summary_large_image\" \/>\n<meta name=\"twitter:label1\" content=\"Est. reading time\" \/>\n\t<meta name=\"twitter:data1\" content=\"4 minutes\" \/>\n<script type=\"application\/ld+json\" class=\"yoast-schema-graph\">{\"@context\":\"https:\/\/schema.org\",\"@graph\":[{\"@type\":\"WebPage\",\"@id\":\"https:\/\/www.arbe.nc\/accueil\/nos-realisations\/batiment-realisations\/\",\"url\":\"https:\/\/www.arbe.nc\/accueil\/nos-realisations\/batiment-realisations\/\",\"name\":\"Building projects - Arbe\",\"isPartOf\":{\"@id\":\"https:\/\/www.arbe.nc\/#website\"},\"datePublished\":\"2018-06-27T04:44:16+00:00\",\"dateModified\":\"2024-04-26T04:57:52+00:00\",\"breadcrumb\":{\"@id\":\"https:\/\/www.arbe.nc\/accueil\/nos-realisations\/batiment-realisations\/#breadcrumb\"},\"inLanguage\":\"en-US\",\"potentialAction\":[{\"@type\":\"ReadAction\",\"target\":[\"https:\/\/www.arbe.nc\/accueil\/nos-realisations\/batiment-realisations\/\"]}]},{\"@type\":\"BreadcrumbList\",\"@id\":\"https:\/\/www.arbe.nc\/accueil\/nos-realisations\/batiment-realisations\/#breadcrumb\",\"itemListElement\":[{\"@type\":\"ListItem\",\"position\":1,\"name\":\"Accueil\",\"item\":\"https:\/\/www.arbe.nc\/\"},{\"@type\":\"ListItem\",\"position\":2,\"name\":\"Home\",\"item\":\"https:\/\/www.arbe.nc\/\"},{\"@type\":\"ListItem\",\"position\":3,\"name\":\"Our projects\",\"item\":\"https:\/\/www.arbe.nc\/en\/our-projects\/\"},{\"@type\":\"ListItem\",\"position\":4,\"name\":\"Building projects\"}]},{\"@type\":\"WebSite\",\"@id\":\"https:\/\/www.arbe.nc\/#website\",\"url\":\"https:\/\/www.arbe.nc\/\",\"name\":\"Arbe\",\"description\":\"une entreprise 100% cal\u00e9donienne qui exerce son activit\u00e9 dans le secteur du B.T.P\",\"potentialAction\":[{\"@type\":\"SearchAction\",\"target\":{\"@type\":\"EntryPoint\",\"urlTemplate\":\"https:\/\/www.arbe.nc\/?s={search_term_string}\"},\"query-input\":{\"@type\":\"PropertyValueSpecification\",\"valueRequired\":true,\"valueName\":\"search_term_string\"}}],\"inLanguage\":\"en-US\"}]}<\/script>\n<!-- \/ Yoast SEO plugin. -->","yoast_head_json":{"title":"Building projects - Arbe","robots":{"index":"index","follow":"follow","max-snippet":"max-snippet:-1","max-image-preview":"max-image-preview:large","max-video-preview":"max-video-preview:-1"},"canonical":"https:\/\/www.arbe.nc\/accueil\/nos-realisations\/batiment-realisations\/","og_locale":"en_US","og_type":"article","og_title":"Building projects - Arbe","og_description":"[vc_row full_width=&#8221;stretch_row_content_no_spaces&#8221; css=&#8221;.vc_custom_1530075533592{padding-top: 120px !important;padding-bottom: 250px !important;background-image: url(http:\/\/www.arbe.nc\/wp-content\/uploads\/2018\/06\/bigbg_nosmetiers_bt.jpg?id=297) !important;}&#8221; el_class=&#8221;bg-cover&#8221;][vc_column][\/vc_column][\/vc_row][vc_row css=&#8221;.vc_custom_1530057581293{margin-top: -200px !important;margin-bottom: 60px !important;}&#8221;][vc_column][vc_row_inner css=&#8221;.vc_custom_1530057020923{margin-bottom: 0px !important;}&#8221;][vc_column_inner width=&#8221;1\/2&#8243;][vc_column_text el_class=&#8221;title__special title__special&#8211;beta&#8221; css=&#8221;.vc_custom_1714024693179{margin-bottom: 10px !important;margin-left: -15px !important;}&#8221;] [\u2026]","og_url":"https:\/\/www.arbe.nc\/accueil\/nos-realisations\/batiment-realisations\/","og_site_name":"Arbe","article_publisher":"https:\/\/www.facebook.com\/arbenouvellecaledonie","article_modified_time":"2024-04-26T04:57:52+00:00","twitter_card":"summary_large_image","twitter_misc":{"Est. reading time":"4 minutes"},"schema":{"@context":"https:\/\/schema.org","@graph":[{"@type":"WebPage","@id":"https:\/\/www.arbe.nc\/accueil\/nos-realisations\/batiment-realisations\/","url":"https:\/\/www.arbe.nc\/accueil\/nos-realisations\/batiment-realisations\/","name":"Building projects - Arbe","isPartOf":{"@id":"https:\/\/www.arbe.nc\/#website"},"datePublished":"2018-06-27T04:44:16+00:00","dateModified":"2024-04-26T04:57:52+00:00","breadcrumb":{"@id":"https:\/\/www.arbe.nc\/accueil\/nos-realisations\/batiment-realisations\/#breadcrumb"},"inLanguage":"en-US","potentialAction":[{"@type":"ReadAction","target":["https:\/\/www.arbe.nc\/accueil\/nos-realisations\/batiment-realisations\/"]}]},{"@type":"BreadcrumbList","@id":"https:\/\/www.arbe.nc\/accueil\/nos-realisations\/batiment-realisations\/#breadcrumb","itemListElement":[{"@type":"ListItem","position":1,"name":"Accueil","item":"https:\/\/www.arbe.nc\/"},{"@type":"ListItem","position":2,"name":"Home","item":"https:\/\/www.arbe.nc\/"},{"@type":"ListItem","position":3,"name":"Our projects","item":"https:\/\/www.arbe.nc\/en\/our-projects\/"},{"@type":"ListItem","position":4,"name":"Building projects"}]},{"@type":"WebSite","@id":"https:\/\/www.arbe.nc\/#website","url":"https:\/\/www.arbe.nc\/","name":"Arbe","description":"une entreprise 100% cal\u00e9donienne qui exerce son activit\u00e9 dans le secteur du B.T.P","potentialAction":[{"@type":"SearchAction","target":{"@type":"EntryPoint","urlTemplate":"https:\/\/www.arbe.nc\/?s={search_term_string}"},"query-input":{"@type":"PropertyValueSpecification","valueRequired":true,"valueName":"search_term_string"}}],"inLanguage":"en-US"}]}},"_links":{"self":[{"href":"https:\/\/www.arbe.nc\/en\/wp-json\/wp\/v2\/pages\/2339","targetHints":{"allow":["GET"]}}],"collection":[{"href":"https:\/\/www.arbe.nc\/en\/wp-json\/wp\/v2\/pages"}],"about":[{"href":"https:\/\/www.arbe.nc\/en\/wp-json\/wp\/v2\/types\/page"}],"author":[{"embeddable":true,"href":"https:\/\/www.arbe.nc\/en\/wp-json\/wp\/v2\/users\/3"}],"replies":[{"embeddable":true,"href":"https:\/\/www.arbe.nc\/en\/wp-json\/wp\/v2\/comments?post=2339"}],"version-history":[{"count":10,"href":"https:\/\/www.arbe.nc\/en\/wp-json\/wp\/v2\/pages\/2339\/revisions"}],"predecessor-version":[{"id":5456,"href":"https:\/\/www.arbe.nc\/en\/wp-json\/wp\/v2\/pages\/2339\/revisions\/5456"}],"up":[{"embeddable":true,"href":"https:\/\/www.arbe.nc\/en\/wp-json\/wp\/v2\/pages\/1803"}],"wp:attachment":[{"href":"https:\/\/www.arbe.nc\/en\/wp-json\/wp\/v2\/media?parent=2339"}],"curies":[{"name":"wp","href":"https:\/\/api.w.org\/{rel}","templated":true}]}}