{"id":2137,"date":"2018-07-05T07:51:07","date_gmt":"2018-07-05T05:51:07","guid":{"rendered":"http:\/\/arbe-dev.comeon.nc\/le-lys-rouge\/"},"modified":"2024-04-26T16:01:40","modified_gmt":"2024-04-26T05:01:40","slug":"le-lys-rouge","status":"publish","type":"page","link":"https:\/\/www.arbe.nc\/en\/le-lys-rouge\/","title":{"rendered":"Le lys rouge"},"content":{"rendered":"<div class=\"wpb-content-wrapper\"><p>[vc_row full_width=&#8221;stretch_row_content_no_spaces&#8221; css=&#8221;.vc_custom_1530075533592{padding-top: 120px !important;padding-bottom: 250px !important;background-image: url(http:\/\/www.arbe.nc\/wp-content\/uploads\/2018\/06\/bigbg_nosmetiers_bt.jpg?id=297) !important;}&#8221; el_class=&#8221;bg-cover&#8221;][vc_column][\/vc_column][\/vc_row][vc_row css=&#8221;.vc_custom_1530057581293{margin-top: -200px !important;margin-bottom: 60px !important;}&#8221;][vc_column][vc_row_inner css=&#8221;.vc_custom_1530057020923{margin-bottom: 0px !important;}&#8221;][vc_column_inner width=&#8221;1\/2&#8243;][vc_column_text el_class=&#8221;title__special title__special&#8211;beta&#8221; css=&#8221;.vc_custom_1714107679893{margin-bottom: 10px !important;margin-left: -15px !important;}&#8221;]<\/p>\n<h1 style=\"text-align: left;\"><span style=\"color: #fefefe;\">Nos m\u00e9tiers<\/span><\/h1>\n<p>[\/vc_column_text][\/vc_column_inner][vc_column_inner width=&#8221;1\/2&#8243;][vc_column_text el_class=&#8221;title__special title__special&#8211;white&#8221; css=&#8221;.vc_custom_1714107692403{margin-left: 0px !important;}&#8221;]<\/p>\n<h1 style=\"text-align: right;\"><span style=\"color: #dc5136;\">Le lys rouge &#8211; centre-ville<\/span><\/h1>\n<p>[\/vc_column_text][\/vc_column_inner][\/vc_row_inner][vc_row_inner css=&#8221;.vc_custom_1530057030738{margin-bottom: 0px !important;background-color: #f2f2f2 !important;}&#8221;][vc_column_inner][vc_column_text]<a href=\"\/\">Accueil<\/a> &gt; <a href=\"https:\/\/www.arbe.nc\/en\/home\/our-jobs\/\">Nos m\u00e9tiers<\/a> &gt; <a href=\"https:\/\/www.arbe.nc\/en\/batiment\/\">B\u00e2timent<\/a> &gt; <a href=\"https:\/\/www.arbe.nc\/en\/home\/our-projects\/building-projects\/\">R\u00e9alisations<\/a> &gt; Lys[\/vc_column_text][\/vc_column_inner][\/vc_row_inner][vc_row_inner css=&#8221;.vc_custom_1530056958594{background-color: #f2f2f2 !important;}&#8221;][vc_column_inner width=&#8221;2\/3&#8243;][vc_column_text]<\/p>\n<h4><span style=\"color: #dc5136;\"><strong>Ann\u00e9e de r\u00e9alisation : <\/strong><\/span><\/h4>\n<p>2012<\/p>\n<blockquote>\n<h4><span style=\"color: #dc5136;\"><i>Descriptif de l\u2019ouvrage\u00a0<\/i><\/span><\/h4>\n<\/blockquote>\n<p><i>R\u00e9alisation d\u2019un immeuble de commerces, bureaux et logements situ\u00e9 au centre ville de Noum\u00e9a. L\u2019ouvrage comprend 6 niveaux en superstructure et 1 niveau de parking en infrastructure situ\u00e9 sous le niveau de la nappe.<\/i><\/p>\n<blockquote>\n<h4><span style=\"color: #dc5136;\">Maitre d\u2019ouvrage<\/span><\/h4>\n<\/blockquote>\n<p><i>SCI Le Lys Rouge<\/i><\/p>\n<blockquote>\n<h4><span style=\"color: #dc5136;\">Maitre d\u2019\u0153uvre<\/span><\/h4>\n<\/blockquote>\n<p><i>Cabinet CAYROL<\/i><\/p>\n<blockquote>\n<h4><span style=\"color: #dc5136;\">Lieu<\/span><\/h4>\n<\/blockquote>\n<p><i>Noum\u00e9a \u2013 \u00a0Angle des rues Galli\u00e9ni et Anatole France, \u00a0Centre Ville<\/i><\/p>\n<blockquote>\n<h4><span style=\"color: #dc5136;\">Date de r\u00e9ception<\/span><\/h4>\n<\/blockquote>\n<p><i>Juillet 2012<\/i><\/p>\n<blockquote>\n<h4><span style=\"color: #dc5136;\">Montants des travaux\u00a0FP :<\/span><\/h4>\n<\/blockquote>\n<p><i>20\u00a0000\u00a0000 FTTC<\/i><\/p>\n<blockquote>\n<h4><span style=\"color: #dc5136;\">Montants des travaux\u00a0GO :<\/span><\/h4>\n<\/blockquote>\n<p><i>810\u00a0000\u00a0000 FTTC<\/i><\/p>\n<blockquote>\n<h4><span style=\"color: #dc5136;\">Activit\u00e9\u00a0:<\/span><\/h4>\n<\/blockquote>\n<p><i>March\u00e9 priv\u00e9 \u2013 Corps d\u2019\u00e9tats s\u00e9par\u00e9s\u00a0<\/i><\/p>\n<p><i>Bureaux, commerces, logements, parkings<\/i><\/p>\n<blockquote>\n<h4><span style=\"color: #dc5136;\">Savoir Faire\u00a0:<\/span><\/h4>\n<\/blockquote>\n<p><i>Gros \u0152uvre, Fondations Profondes<\/i>[\/vc_column_text][\/vc_column_inner][vc_column_inner width=&#8221;1\/3&#8243;][vc_single_image image=&#8221;873&#8243; img_size=&#8221;large&#8221;][vc_single_image image=&#8221;871&#8243; img_size=&#8221;large&#8221;][\/vc_column_inner][\/vc_row_inner][\/vc_column][\/vc_row]<\/p>\n<\/div>","protected":false},"excerpt":{"rendered":"<p>[vc_row full_width=&#8221;stretch_row_content_no_spaces&#8221; css=&#8221;.vc_custom_1530075533592{padding-top: 120px !important;padding-bottom: 250px !important;background-image: url(http:\/\/www.arbe.nc\/wp-content\/uploads\/2018\/06\/bigbg_nosmetiers_bt.jpg?id=297) !important;}&#8221; el_class=&#8221;bg-cover&#8221;][vc_column][\/vc_column][\/vc_row][vc_row css=&#8221;.vc_custom_1530057581293{margin-top: -200px !important;margin-bottom: 60px !important;}&#8221;][vc_column][vc_row_inner css=&#8221;.vc_custom_1530057020923{margin-bottom: 0px !important;}&#8221;][vc_column_inner width=&#8221;1\/2&#8243;][vc_column_text el_class=&#8221;title__special title__special&#8211;beta&#8221; css=&#8221;.vc_custom_1714107679893{margin-bottom: 10px !important;margin-left: -15px !important;}&#8221;]<span class=\"excerpt-hellip\"> [\u2026]<\/span><\/p>\n","protected":false},"author":3,"featured_media":0,"parent":0,"menu_order":0,"comment_status":"closed","ping_status":"closed","template":"","meta":{"sfsi_plus_gutenberg_text_before_share":"","sfsi_plus_gutenberg_show_text_before_share":"","sfsi_plus_gutenberg_icon_type":"","sfsi_plus_gutenberg_icon_alignemt":"","sfsi_plus_gutenburg_max_per_row":"","footnotes":""},"class_list":["post-2137","page","type-page","status-publish","hentry"],"yoast_head":"<!-- This site is optimized with the Yoast SEO plugin v25.2 - https:\/\/yoast.com\/wordpress\/plugins\/seo\/ -->\n<title>Le lys rouge - Arbe<\/title>\n<meta name=\"robots\" content=\"index, follow, max-snippet:-1, max-image-preview:large, max-video-preview:-1\" \/>\n<link rel=\"canonical\" href=\"https:\/\/www.arbe.nc\/en\/le-lys-rouge\/\" \/>\n<meta property=\"og:locale\" content=\"en_US\" \/>\n<meta property=\"og:type\" content=\"article\" \/>\n<meta property=\"og:title\" content=\"Le lys rouge - Arbe\" \/>\n<meta property=\"og:description\" content=\"[vc_row full_width=&#8221;stretch_row_content_no_spaces&#8221; css=&#8221;.vc_custom_1530075533592{padding-top: 120px !important;padding-bottom: 250px !important;background-image: url(http:\/\/www.arbe.nc\/wp-content\/uploads\/2018\/06\/bigbg_nosmetiers_bt.jpg?id=297) !important;}&#8221; el_class=&#8221;bg-cover&#8221;][vc_column][\/vc_column][\/vc_row][vc_row css=&#8221;.vc_custom_1530057581293{margin-top: -200px !important;margin-bottom: 60px !important;}&#8221;][vc_column][vc_row_inner css=&#8221;.vc_custom_1530057020923{margin-bottom: 0px !important;}&#8221;][vc_column_inner width=&#8221;1\/2&#8243;][vc_column_text el_class=&#8221;title__special title__special&#8211;beta&#8221; css=&#8221;.vc_custom_1714107679893{margin-bottom: 10px !important;margin-left: -15px !important;}&#8221;] [\u2026]\" \/>\n<meta property=\"og:url\" content=\"https:\/\/www.arbe.nc\/en\/le-lys-rouge\/\" \/>\n<meta property=\"og:site_name\" content=\"Arbe\" \/>\n<meta property=\"article:publisher\" content=\"https:\/\/www.facebook.com\/arbenouvellecaledonie\" \/>\n<meta property=\"article:modified_time\" content=\"2024-04-26T05:01:40+00:00\" \/>\n<meta name=\"twitter:card\" content=\"summary_large_image\" \/>\n<meta name=\"twitter:label1\" content=\"Est. reading time\" \/>\n\t<meta name=\"twitter:data1\" content=\"2 minutes\" \/>\n<script type=\"application\/ld+json\" class=\"yoast-schema-graph\">{\"@context\":\"https:\/\/schema.org\",\"@graph\":[{\"@type\":\"WebPage\",\"@id\":\"https:\/\/www.arbe.nc\/en\/le-lys-rouge\/\",\"url\":\"https:\/\/www.arbe.nc\/en\/le-lys-rouge\/\",\"name\":\"Le lys rouge - Arbe\",\"isPartOf\":{\"@id\":\"https:\/\/www.arbe.nc\/#website\"},\"datePublished\":\"2018-07-05T05:51:07+00:00\",\"dateModified\":\"2024-04-26T05:01:40+00:00\",\"breadcrumb\":{\"@id\":\"https:\/\/www.arbe.nc\/en\/le-lys-rouge\/#breadcrumb\"},\"inLanguage\":\"en-US\",\"potentialAction\":[{\"@type\":\"ReadAction\",\"target\":[\"https:\/\/www.arbe.nc\/en\/le-lys-rouge\/\"]}]},{\"@type\":\"BreadcrumbList\",\"@id\":\"https:\/\/www.arbe.nc\/en\/le-lys-rouge\/#breadcrumb\",\"itemListElement\":[{\"@type\":\"ListItem\",\"position\":1,\"name\":\"Accueil\",\"item\":\"https:\/\/www.arbe.nc\/\"},{\"@type\":\"ListItem\",\"position\":2,\"name\":\"Le lys rouge\"}]},{\"@type\":\"WebSite\",\"@id\":\"https:\/\/www.arbe.nc\/#website\",\"url\":\"https:\/\/www.arbe.nc\/\",\"name\":\"Arbe\",\"description\":\"une entreprise 100% cal\u00e9donienne qui exerce son activit\u00e9 dans le secteur du B.T.P\",\"potentialAction\":[{\"@type\":\"SearchAction\",\"target\":{\"@type\":\"EntryPoint\",\"urlTemplate\":\"https:\/\/www.arbe.nc\/?s={search_term_string}\"},\"query-input\":{\"@type\":\"PropertyValueSpecification\",\"valueRequired\":true,\"valueName\":\"search_term_string\"}}],\"inLanguage\":\"en-US\"}]}<\/script>\n<!-- \/ Yoast SEO plugin. -->","yoast_head_json":{"title":"Le lys rouge - Arbe","robots":{"index":"index","follow":"follow","max-snippet":"max-snippet:-1","max-image-preview":"max-image-preview:large","max-video-preview":"max-video-preview:-1"},"canonical":"https:\/\/www.arbe.nc\/en\/le-lys-rouge\/","og_locale":"en_US","og_type":"article","og_title":"Le lys rouge - Arbe","og_description":"[vc_row full_width=&#8221;stretch_row_content_no_spaces&#8221; css=&#8221;.vc_custom_1530075533592{padding-top: 120px !important;padding-bottom: 250px !important;background-image: url(http:\/\/www.arbe.nc\/wp-content\/uploads\/2018\/06\/bigbg_nosmetiers_bt.jpg?id=297) !important;}&#8221; el_class=&#8221;bg-cover&#8221;][vc_column][\/vc_column][\/vc_row][vc_row css=&#8221;.vc_custom_1530057581293{margin-top: -200px !important;margin-bottom: 60px !important;}&#8221;][vc_column][vc_row_inner css=&#8221;.vc_custom_1530057020923{margin-bottom: 0px !important;}&#8221;][vc_column_inner width=&#8221;1\/2&#8243;][vc_column_text el_class=&#8221;title__special title__special&#8211;beta&#8221; css=&#8221;.vc_custom_1714107679893{margin-bottom: 10px !important;margin-left: -15px !important;}&#8221;] [\u2026]","og_url":"https:\/\/www.arbe.nc\/en\/le-lys-rouge\/","og_site_name":"Arbe","article_publisher":"https:\/\/www.facebook.com\/arbenouvellecaledonie","article_modified_time":"2024-04-26T05:01:40+00:00","twitter_card":"summary_large_image","twitter_misc":{"Est. reading time":"2 minutes"},"schema":{"@context":"https:\/\/schema.org","@graph":[{"@type":"WebPage","@id":"https:\/\/www.arbe.nc\/en\/le-lys-rouge\/","url":"https:\/\/www.arbe.nc\/en\/le-lys-rouge\/","name":"Le lys rouge - Arbe","isPartOf":{"@id":"https:\/\/www.arbe.nc\/#website"},"datePublished":"2018-07-05T05:51:07+00:00","dateModified":"2024-04-26T05:01:40+00:00","breadcrumb":{"@id":"https:\/\/www.arbe.nc\/en\/le-lys-rouge\/#breadcrumb"},"inLanguage":"en-US","potentialAction":[{"@type":"ReadAction","target":["https:\/\/www.arbe.nc\/en\/le-lys-rouge\/"]}]},{"@type":"BreadcrumbList","@id":"https:\/\/www.arbe.nc\/en\/le-lys-rouge\/#breadcrumb","itemListElement":[{"@type":"ListItem","position":1,"name":"Accueil","item":"https:\/\/www.arbe.nc\/"},{"@type":"ListItem","position":2,"name":"Le lys rouge"}]},{"@type":"WebSite","@id":"https:\/\/www.arbe.nc\/#website","url":"https:\/\/www.arbe.nc\/","name":"Arbe","description":"une entreprise 100% cal\u00e9donienne qui exerce son activit\u00e9 dans le secteur du B.T.P","potentialAction":[{"@type":"SearchAction","target":{"@type":"EntryPoint","urlTemplate":"https:\/\/www.arbe.nc\/?s={search_term_string}"},"query-input":{"@type":"PropertyValueSpecification","valueRequired":true,"valueName":"search_term_string"}}],"inLanguage":"en-US"}]}},"_links":{"self":[{"href":"https:\/\/www.arbe.nc\/en\/wp-json\/wp\/v2\/pages\/2137","targetHints":{"allow":["GET"]}}],"collection":[{"href":"https:\/\/www.arbe.nc\/en\/wp-json\/wp\/v2\/pages"}],"about":[{"href":"https:\/\/www.arbe.nc\/en\/wp-json\/wp\/v2\/types\/page"}],"author":[{"embeddable":true,"href":"https:\/\/www.arbe.nc\/en\/wp-json\/wp\/v2\/users\/3"}],"replies":[{"embeddable":true,"href":"https:\/\/www.arbe.nc\/en\/wp-json\/wp\/v2\/comments?post=2137"}],"version-history":[{"count":6,"href":"https:\/\/www.arbe.nc\/en\/wp-json\/wp\/v2\/pages\/2137\/revisions"}],"predecessor-version":[{"id":5459,"href":"https:\/\/www.arbe.nc\/en\/wp-json\/wp\/v2\/pages\/2137\/revisions\/5459"}],"wp:attachment":[{"href":"https:\/\/www.arbe.nc\/en\/wp-json\/wp\/v2\/media?parent=2137"}],"curies":[{"name":"wp","href":"https:\/\/api.w.org\/{rel}","templated":true}]}}